{"id":314,"date":"2011-08-28T13:31:36","date_gmt":"2011-08-28T13:31:36","guid":{"rendered":"http:\/\/lalibertaria.wordpress.com\/?page_id=314"},"modified":"2022-05-28T16:06:16","modified_gmt":"2022-05-28T16:06:16","slug":"rencontre-sociale-alternative","status":"publish","type":"page","link":"https:\/\/lalibertaria.contrapoder.org\/fr\/rencontre-sociale-alternative\/","title":{"rendered":"Rencontre Sociale Alternative"},"content":{"rendered":"<div>\n<h1><\/h1>\n<h5 style=\"text-align: center;\"><strong><img loading=\"lazy\" decoding=\"async\" class=\"aligncenter size-medium wp-image-765\" src=\"http:\/\/lalibertaria.contrapoder.org\/wp-content\/uploads\/2018\/01\/Afiche-ESA-2-300x232.jpg\" alt=\"\" width=\"300\" height=\"232\" srcset=\"https:\/\/lalibertaria.contrapoder.org\/wp-content\/uploads\/2018\/01\/Afiche-ESA-2-300x232.jpg 300w, https:\/\/lalibertaria.contrapoder.org\/wp-content\/uploads\/2018\/01\/Afiche-ESA-2-768x593.jpg 768w, https:\/\/lalibertaria.contrapoder.org\/wp-content\/uploads\/2018\/01\/Afiche-ESA-2-1024x791.jpg 1024w, https:\/\/lalibertaria.contrapoder.org\/wp-content\/uploads\/2018\/01\/Afiche-ESA-2.jpg 1056w\" sizes=\"auto, (max-width: 300px) 100vw, 300px\" \/>Segundo Encuentro Social Alternativo en Dinira<\/strong><\/h5>\n<h4 style=\"text-align: center;\"><strong>No hay camino hacia la autogestion , la autogestion es el camino, como sabemos la situacion actual que se presenta a generado muchos obstaculos para organizarnos y intercambiar ideas, para este mes de diciembre se esta organizando el segundo Encuentro Social Alternativo , se tiene planteando para las fechas 21,22,23 o 26,27,28 ( las fechas son tentativas lo que se quiere es que cada uno pueda asistir y manifestar que fechas disponibles para ese mes de diciembre ),de igual for<span class=\"text_exposed_show\">ma lxs compxs que quieran participar con charlas , talleres, peliculas o documentales, cada idea sera bienvenida, debemxs romper esta apatia y unirse para que cada idea sea llevada a cada rincon de nuestrxs vidas. El tema principal de este encuentro es la autogestion y buscada de soluciones a la situacion actual.Que nuestras voces sean sinonimo de lucha! Piensa, resiste y lucha<br \/>\nEscriban a encuentrosocialternativo@contrapoder.org<br \/>\n<a href=\"https:\/\/l.facebook.com\/l.php?u=http%3A%2F%2Flalibertaria.contrapoder.org%2F&#038;h=ATO-KOtsoRunwIUFvb-9ZtH3fnN6hQgbiDJCXqw5wl7ECtVqX_OFhWvxiwyx99mUvF0V9jAq8QvvqMgXchwWw8RfhGsTF0LTZN3WWXl88QTwzW7usp0WgN0GD-QCKqghEzrW5n1PPSeFQwElws8HS9XFTpw3EU1prIftcWtPXFnGOTaQTmY9lPBoJOufkQTAd_CQ_m2CarVNVvBrj-J8evxeLVnhcgnwXFz9tvl0vf1qYhrxFCp0zM4zwk2HPtrOOPHrcJ65k5MfMgy44agoxxWzRVTWfxk\" target=\"_blank\" rel=\"nofollow noopener noreferrer\" data-ft=\"{\" data-lynx-mode=\"async\">http:\/\/lalibertaria.contrapoder.org<\/a><\/span><\/strong><\/h4>\n<h2 style=\"text-align: center;\">&nbsp;________________________________________________________<\/h2>\n<h2 style=\"text-align: center;\"><a title=\"Enlace permanente aRese\u00f1a del Encuentro Social&nbsp;Alternativo\" href=\"http:\/\/lalibertaria.wordpress.com\/2011\/08\/08\/resena-del-encuentro-social-alternativo\/\" rel=\"bookmark\"><!--more-->Rese\u00f1a del Encuentro Social&nbsp;Alternativo<\/a><\/h2>\n<\/div>\n<p><img loading=\"lazy\" decoding=\"async\" class=\"aligncenter size-medium wp-image-312\" src=\"http:\/\/lalibertaria.contrapoder.org\/wp-content\/uploads\/2011\/08\/tallerindymedia-300x225.jpg\" alt=\"\" width=\"300\" height=\"225\" srcset=\"https:\/\/lalibertaria.contrapoder.org\/wp-content\/uploads\/2011\/08\/tallerindymedia-300x225.jpg 300w, https:\/\/lalibertaria.contrapoder.org\/wp-content\/uploads\/2011\/08\/tallerindymedia.jpg 720w\" sizes=\"auto, (max-width: 300px) 100vw, 300px\" \/><\/p>\n<p><strong>Del 29 al 31 de julio se llev\u00f3 a cabo en el Parque Nacional Din\u00edra, Estado Lara el encuentro libertario para la consolidacion del nuevo CMI Venezuela-Centro. Dicha actividad cont\u00f3 con la realizaci\u00f3n de diversos talleres en una especie de intercambio de saberes de parte de los asistentes. En el encuentro distintos colectivos e individualidades del pais compartieron a plenitud sus experiencias.<\/strong><\/p>\n<p><strong>El encuentro en su primer d\u00eda sufri\u00f3 un retraso debido a la llegada tard\u00eda de algunos de los participantes, tomando en cuenta que llegar al Parque Din\u00edra implica tomar varias rutas. De igual forma el d\u00eda Viernes 29 se lleg\u00f3 a un acuerdo de programaci\u00f3n y se comenz\u00f3 al siguiente d\u00eda con todo bien organizado. Desde la realizaci\u00f3n de las comidas hasta la realizaci\u00f3n de los talleres. <\/strong><\/p>\n<p><strong>Se comenz\u00f3 el d\u00eda 30 con una introducci\u00f3n sobre Indymedia y la necesidad de consolidar y desarollar un nuevo CMI. En su extensi\u00f3n, el encuentro estuvo animado con diversas charlas y talleres. Taller de cocina vegetariana y vegana, Producci\u00f3n audiovisual comunitaria, Taller de lectura, Basurot\u00e9cnia, Realizaci\u00f3n de juguetes con desechos pl\u00e1sticos, Taller y charla sobre el uso de toallas sanitarias, autoconstruccion con botella de refresco, introduccion a la agricultura urbana, operativo de limpieza de la quebrada \u201cel vino\u201d, visita de la cueva de la peonia, se dieron en un ambiente de compa\u00f1erismo y solidaridad. Las noches fueron amenizadas por buenas conversas, buenas comidas y buena m\u00fasica a cargo de David Dominguez rodeando una fogata permanente.<\/strong><\/p>\n<p><strong>Durante el encuentro se proyectaron diversos trabajos audiovisuales de distintos temas como la explotaci\u00f3n de carb\u00f3n en la Sierra de Perij\u00e1, espacios contraculturales, Indymedia, El caso bombas de chile y otros. El encuentro finaliz\u00f3 con una recolecta de firmas para apoyar la aprobaci\u00f3n de este nuevo CMI.<\/strong><\/p>\n<p><img loading=\"lazy\" decoding=\"async\" class=\"aligncenter size-medium wp-image-303\" src=\"http:\/\/lalibertaria.contrapoder.org\/wp-content\/uploads\/2011\/07\/afichenumero02-226x300.jpg\" alt=\"\" width=\"226\" height=\"300\" srcset=\"https:\/\/lalibertaria.contrapoder.org\/wp-content\/uploads\/2011\/07\/afichenumero02-226x300.jpg 226w, https:\/\/lalibertaria.contrapoder.org\/wp-content\/uploads\/2011\/07\/afichenumero02-768x1018.jpg 768w, https:\/\/lalibertaria.contrapoder.org\/wp-content\/uploads\/2011\/07\/afichenumero02-773x1024.jpg 773w, https:\/\/lalibertaria.contrapoder.org\/wp-content\/uploads\/2011\/07\/afichenumero02-1200x1590.jpg 1200w\" sizes=\"auto, (max-width: 226px) 100vw, 226px\" \/><\/p>\n<p><a href=\"http:\/\/lalibertaria.files.wordpress.com\/2011\/06\/afichenumero02.jpg\"><img loading=\"lazy\" decoding=\"async\" class=\"aligncenter wp-image-302 size-medium\" title=\"afichenumero02\" src=\"http:\/\/lalibertaria.contrapoder.org\/wp-content\/uploads\/2011\/07\/afichetotalmentecorregido01-221x300.jpg\" alt=\"\" width=\"221\" height=\"300\" srcset=\"https:\/\/lalibertaria.contrapoder.org\/wp-content\/uploads\/2011\/07\/afichetotalmentecorregido01-221x300.jpg 221w, https:\/\/lalibertaria.contrapoder.org\/wp-content\/uploads\/2011\/07\/afichetotalmentecorregido01-768x1042.jpg 768w, https:\/\/lalibertaria.contrapoder.org\/wp-content\/uploads\/2011\/07\/afichetotalmentecorregido01-755x1024.jpg 755w, https:\/\/lalibertaria.contrapoder.org\/wp-content\/uploads\/2011\/07\/afichetotalmentecorregido01-1200x1628.jpg 1200w\" sizes=\"auto, (max-width: 221px) 100vw, 221px\" \/><\/a><\/p>\n<p><img loading=\"lazy\" decoding=\"async\" class=\"aligncenter wp-image-308 size-medium\" src=\"http:\/\/lalibertaria.contrapoder.org\/wp-content\/uploads\/2011\/08\/249226_10150252445826854_664416853_8013496_6044918_n-300x169.jpg\" alt=\"\" width=\"300\" height=\"169\" srcset=\"https:\/\/lalibertaria.contrapoder.org\/wp-content\/uploads\/2011\/08\/249226_10150252445826854_664416853_8013496_6044918_n-300x169.jpg 300w, https:\/\/lalibertaria.contrapoder.org\/wp-content\/uploads\/2011\/08\/249226_10150252445826854_664416853_8013496_6044918_n.jpg 720w\" sizes=\"auto, (max-width: 300px) 100vw, 300px\" \/><\/p>\n","protected":false},"excerpt":{"rendered":"<p>Segundo Encuentro Social Alternativo en Dinira No hay camino hacia la autogestion , la autogestion es el camino, como sabemos la situacion actual que se presenta a generado muchos obstaculos para organizarnos y intercambiar ideas, para este mes de diciembre se esta organizando el segundo Encuentro Social Alternativo , se&#8230; <a class=\"continue-reading-link\" href=\"https:\/\/lalibertaria.contrapoder.org\/fr\/rencontre-sociale-alternative\/\">Continue reading<\/a><\/p>\n","protected":false},"author":1,"featured_media":0,"parent":0,"menu_order":0,"comment_status":"open","ping_status":"open","template":"","meta":{"footnotes":""},"class_list":["post-314","page","type-page","status-publish","hentry"],"_links":{"self":[{"href":"https:\/\/lalibertaria.contrapoder.org\/fr\/wp-json\/wp\/v2\/pages\/314","targetHints":{"allow":["GET"]}}],"collection":[{"href":"https:\/\/lalibertaria.contrapoder.org\/fr\/wp-json\/wp\/v2\/pages"}],"about":[{"href":"https:\/\/lalibertaria.contrapoder.org\/fr\/wp-json\/wp\/v2\/types\/page"}],"author":[{"embeddable":true,"href":"https:\/\/lalibertaria.contrapoder.org\/fr\/wp-json\/wp\/v2\/users\/1"}],"replies":[{"embeddable":true,"href":"https:\/\/lalibertaria.contrapoder.org\/fr\/wp-json\/wp\/v2\/comments?post=314"}],"version-history":[{"count":23,"href":"https:\/\/lalibertaria.contrapoder.org\/fr\/wp-json\/wp\/v2\/pages\/314\/revisions"}],"predecessor-version":[{"id":1401,"href":"https:\/\/lalibertaria.contrapoder.org\/fr\/wp-json\/wp\/v2\/pages\/314\/revisions\/1401"}],"wp:attachment":[{"href":"https:\/\/lalibertaria.contrapoder.org\/fr\/wp-json\/wp\/v2\/media?parent=314"}],"curies":[{"name":"wp","href":"https:\/\/api.w.org\/{rel}","templated":true}]}}