{"id":631,"date":"2017-06-26T12:25:54","date_gmt":"2017-06-26T12:25:54","guid":{"rendered":"http:\/\/lalibertaria.contrapoder.org\/?page_id=631"},"modified":"2022-07-04T01:59:30","modified_gmt":"2022-07-04T01:59:30","slug":"espace-de-contreculture-et-autogestion","status":"publish","type":"page","link":"https:\/\/lalibertaria.contrapoder.org\/fr\/espace-de-contreculture-et-autogestion\/","title":{"rendered":"Espace de Contreculture et Autogestion"},"content":{"rendered":"<p><img loading=\"lazy\" decoding=\"async\" class=\"aligncenter wp-image-679\" src=\"http:\/\/lalibertaria.contrapoder.org\/wp-content\/uploads\/2017\/06\/IMG-20170922-WA0009-300x225.jpg\" alt=\"\" width=\"393\" height=\"295\" srcset=\"https:\/\/lalibertaria.contrapoder.org\/wp-content\/uploads\/2017\/06\/IMG-20170922-WA0009-300x225.jpg 300w, https:\/\/lalibertaria.contrapoder.org\/wp-content\/uploads\/2017\/06\/IMG-20170922-WA0009-768x576.jpg 768w, https:\/\/lalibertaria.contrapoder.org\/wp-content\/uploads\/2017\/06\/IMG-20170922-WA0009-1024x768.jpg 1024w, https:\/\/lalibertaria.contrapoder.org\/wp-content\/uploads\/2017\/06\/IMG-20170922-WA0009-678x509.jpg 678w, https:\/\/lalibertaria.contrapoder.org\/wp-content\/uploads\/2017\/06\/IMG-20170922-WA0009-326x245.jpg 326w, https:\/\/lalibertaria.contrapoder.org\/wp-content\/uploads\/2017\/06\/IMG-20170922-WA0009-80x60.jpg 80w, https:\/\/lalibertaria.contrapoder.org\/wp-content\/uploads\/2017\/06\/IMG-20170922-WA0009.jpg 1080w\" sizes=\"auto, (max-width: 393px) 100vw, 393px\" \/><\/p>\n<p><strong>En 2005 c\u2019est cr\u00e9\u00e9 l\u2019Ath\u00e9n\u00e9e Autonome de Contreculture et Etudes Acrates avec sa Biblioth\u00e8que Populaire Libertaire \u201cMauro Mejiaz\u201d \u00e0 Biscucuy, puis il d\u00e9m\u00e9nage dans le parc national Dinira de l&rsquo;\u00e9tat de Lara, ou l\u2019on n\u2019a pas pu construir l\u2019Ath\u00e9n\u00e9e parce que nous sommes dans un parc naturel et cela n\u2019ai pas permit, maintenant nous avons achet\u00e9 une ferme de 4 hectares (gr\u00e2ce au fond recolect\u00e9s sur la tourn\u00e9e en France et en Suisse et de travail personnel dans des fermes des Alpes Suisse), parfait pour le projet, lequel s\u2019appelera d\u00e9sormais Espace de Contreculture et Autogestion \u00ab\u00a0La Libertaria\u00a0\u00bb .<br><\/strong><\/p>\n<p class=\"western\" align=\"left\"><strong><span lang=\"es-VE\">L\u2019 Espace de Contreculture et&nbsp; Autogestion \u00ab\u00a0La Libertaria\u00a0\u00bb est une organisation ind\u00e9pendante et autonome, sans liens avec quelques partis ou organisations politiques que ce soit et sans but lucratif, dont les objectifs primordiaux sont l&rsquo;\u00e9tudes et la diffusion de valeurs tels que l&rsquo;autogestion, l&rsquo;entraide, la solidarit\u00e9, la justice sociale et la promotion culturelle en g\u00e9n\u00e9rale.<\/span><\/strong><\/p>\n<p class=\"western\" align=\"left\"><strong><span lang=\"es-VE\">Visant \u00e0 favoriser la pratique et la connaissance de la contreculture ou \u00ab\u00a0cultures alternatives\u00a0\u00bb (par contreculture, nous entendons toutes formes d&rsquo;expressions et d&rsquo;actions: musiques, litt\u00e9rature, photographie, peinture, vid\u00e9o, d\u00e9bat, rencontre, th\u00e9atre, graphisme, manifestation&#8230;) De part nos activit\u00e9s, nous tentons de reconsid\u00e9rer la CULTURE non pas comme un produit de luxe r\u00e9serv\u00e9 \u00e0 une \u00e9lite; mais comme un v\u00e9ritable outil de communication accesible \u00e0 toutes et \u00e0 tous. Et n&rsquo;oublions jamais que \u00ab\u00a0l&rsquo;argent est un moyen, pas un but\u00a0\u00bb!!<\/span><\/strong> <strong><span lang=\"es-VE\"><br><\/span><\/strong><strong>Celui-ci est compos\u00e9 de :<br><\/strong><strong>-la<\/strong><strong> Biblioth\u00e8que Populaire Libertaire \u00ab\u00a0Mauro Mejiaz\u00a0\u00bb ouverte toute la semaine avec des cours d\u2019anglais, fran\u00e7ais et&nbsp; soutien scolaire.<br>-el cin\u00e9 \u00ab\u00a0Buenaventura Durruti\u00a0\u00bb deux fois par semaine.<br>-les Rencontres Sociales Alternatives chaque mois de f\u00e9vrier.<br><\/strong><\/p>\n<p class=\"western\" align=\"left\">\n<\/p><hr>\n<p><img loading=\"lazy\" decoding=\"async\" class=\"aligncenter size-medium wp-image-680\" src=\"http:\/\/lalibertaria.contrapoder.org\/wp-content\/uploads\/2017\/06\/IMG-20170922-WA0014-300x225.jpg\" alt=\"\" width=\"300\" height=\"225\" srcset=\"https:\/\/lalibertaria.contrapoder.org\/wp-content\/uploads\/2017\/06\/IMG-20170922-WA0014-300x225.jpg 300w, https:\/\/lalibertaria.contrapoder.org\/wp-content\/uploads\/2017\/06\/IMG-20170922-WA0014-768x576.jpg 768w, https:\/\/lalibertaria.contrapoder.org\/wp-content\/uploads\/2017\/06\/IMG-20170922-WA0014-1024x768.jpg 1024w, https:\/\/lalibertaria.contrapoder.org\/wp-content\/uploads\/2017\/06\/IMG-20170922-WA0014-678x509.jpg 678w, https:\/\/lalibertaria.contrapoder.org\/wp-content\/uploads\/2017\/06\/IMG-20170922-WA0014-326x245.jpg 326w, https:\/\/lalibertaria.contrapoder.org\/wp-content\/uploads\/2017\/06\/IMG-20170922-WA0014-80x60.jpg 80w, https:\/\/lalibertaria.contrapoder.org\/wp-content\/uploads\/2017\/06\/IMG-20170922-WA0014.jpg 1080w\" sizes=\"auto, (max-width: 300px) 100vw, 300px\" \/><\/p>\n<p><strong data-rich-text-format-boundary=\"true\">Nous avons un v\u00e9hicule \u00e0 disposition pour transporter les exponents des Rencontres Sociales Alternative et les donations pour l&rsquo;espace&#8230;<\/strong><\/p>\n<p><img loading=\"lazy\" decoding=\"async\" class=\"aligncenter size-medium wp-image-1048\" src=\"http:\/\/lalibertaria.contrapoder.org\/wp-content\/uploads\/2019\/06\/1557933503249-300x225.jpg\" alt=\"\" width=\"300\" height=\"225\" srcset=\"https:\/\/lalibertaria.contrapoder.org\/wp-content\/uploads\/2019\/06\/1557933503249-300x225.jpg 300w, https:\/\/lalibertaria.contrapoder.org\/wp-content\/uploads\/2019\/06\/1557933503249-768x576.jpg 768w, https:\/\/lalibertaria.contrapoder.org\/wp-content\/uploads\/2019\/06\/1557933503249-1024x768.jpg 1024w\" sizes=\"auto, (max-width: 300px) 100vw, 300px\" \/><\/p>\n\n\n<p class=\"has-text-align-center has-large-font-size\"><strong>Voici quelques lignes insignifiantes pour te compter une petite aventure contre-culturellement correcte?<\/strong><\/p>\n\n\n\n<p class=\"has-medium-font-size\"><strong><br>Il y avait une fois en f-rance, deux \u00ab\u00a0hermanos de sangre\u00a0\u00bb m\u00e9lang\u00e9s, traumatis\u00e9s d\u00e8s l&rsquo;\u00e9cole par le rascisme ambient. En 1984 le majeur se met v\u00e9g\u00e9tarien par amour et respet des animaux, apr\u00e8s avoir d\u00e9couvert Crass, Subhumans, Dead Kennedy&rsquo;s, B\u00e9rurier Noir&#8230; en 1985, il d\u00e9cide de r\u00e9veiller le punk qu&rsquo;il avait en lui. Il r\u00e9ussit \u00e0 r\u00e9veiller son fr\u00e8re pour fonder un funzine de propagande (\u00ab\u00a0anti\u00a0\u00bb 1987-1989), un bulletin gratuit de contre-information (\u00ab\u00a0koidnoeuf\u00a0\u00bb 89-90) ainsi qu&rsquo;un label de production et distribution de bruits et d&rsquo;images (\u00ab\u00a0alternativnoise\u00a0\u00bb 88-93). En 1989 \u00ab\u00a0esteban\u00a0\u00bb se fait lyncher par des boneheads, de l\u00e0 \u00ab\u00a0macario\u00a0\u00bb prends les choses en main au niveau du courrier et de la distribution.<br>En 1992, apr\u00e8s 5 ans d&rsquo;activisme b\u00e9n\u00e9vole, les deux \u00ab\u00a0hermanos de sangre\u00a0\u00bbd\u00e9cident de continuer chacun leur petit bout de chemin de son c\u00f4t\u00e9 vu qu&rsquo;un \u00e9tait s\u00e9dentaire et l&rsquo;autre nomade:<br><br>* \u00ab\u00a0esteban\u00a0\u00bbsuit la Tribu Pyrophore (th\u00e9atre de rue pirotechnique) durant 10 spectacles inoubliables, il se concentre l&rsquo;organisation de concerts pour des groupes comme AMD, Tears of a doll(&#8230;) il fait le tour de f-rance en mettant des tables de distro sur tous les concerts et festivals possible, apr\u00e8s un an pass\u00e9 dans le squatt punk du \u00ab\u00a0Garage\u00a0\u00bb (Gen\u00e8ve-suisse) pour ne pas faire son service, il retourne en f-rance en r\u00e9ussissant \u00e0 se faire jeter sans aller en prison et ni en psycatrie, libre comme le vent il ouvre le premier Muzik-infoshop \u00ab\u00a0alternativnoise\u00a0\u00bb \u00e0 lyon entre 94 et 95 et se centre sur l&rsquo;atelier de s\u00e9rigraphie \u00ab\u00a0Despierta\u00a0\u00bb, il entre dans la bande des Tromatism (HxC punk th\u00e9atral) dans plusieurs tourn\u00e9es europ\u00e9ennes (93-96) mettant la table de distro, faisant les t-shirts du groupe et pogotant, il aida \u00e0 l&rsquo;organisation des concerts au \u00ab\u00a0Wolnitza\u00a0\u00bbet participa \u00e0 plusieurs occupations avec des keupons v\u00e9g\u00e9tariens et jongleurs surnomm\u00e9s les \u00ab\u00a0freaks\u00a0\u00bb; apr\u00e8s l&rsquo;arriv\u00e9e de la droite au pouvoir en 1995, il part \u00e0 la montagne o\u00f9 il ouvre le 2\u00b0 muzik info.shop \u00ab\u00a0angrykultur\u00a0\u00bb (1999-2003), il apprend \u00e0 travailler la terre, avec des chevaux et troupeaux durant 8 ans. En 2003 le \u00ab\u00a0nabo des montagnes\u00a0\u00bb d\u00e9m\u00e9nage au V\u00e9n\u00e9zuela pour retrouver ses racines et voir si la r\u00e9volution tant souhait\u00e9e avait commenc\u00e9e, il se met en contact et collabore avec la Comission de Relations Anarchistes (CRA) et El Libertario, le 2 Mai 2005 il ouvre l&rsquo;Ateneo Autonome de Contreculture et \u00c8tudes Acrates (2\u00b0 Centre d&rsquo;\u00c8tudes Sociales Libertaires) \u00e0 Biscucuy et organise les premi\u00e8res journ\u00e9es Anarkopunks et communautaires en dehors de la capitale&#8230;.jusqu&rsquo;\u00e0 maintenant rien ni personne ne peut l&rsquo;arr\u00eater ni lui faire peur&#8230;<br><br>* \u00ab\u00a0macario\u00a0\u00bb poursuit dans la lanc\u00e9e de feu-\u00ab\u00a0alternativnoise\u00a0\u00bb avec une nouvelle structure associative r\u00e9pondant au doux noms de !angrr!, en d\u00e9veloppant un r\u00e9seau de diffusion par correspondance \u2013 regroupant plus de\u00a02000 r\u00e9f\u00e9rences (disques vinyls, cd, cassettes, t.shirts, livres, zines, revues, recueils, bd, cartes postales, vid\u00e9os&#8230;) et s&rsquo;ouvrant \u00e0 divers horizons sonores ( du rock&rsquo;n&rsquo;roll au grindcore en passant par le punk, la pop, le ska,l&rsquo;industriel, le jazz, le rap et tant d&rsquo;autres sonorit\u00e9s folkloriques, \u00e9lectroniques, exp\u00e9rimentales, bruitales, etc&#8230;) et visuels (graphisme, photographie, peinture, \u00e9criture, vid\u00e9o, animation, collage, etc&#8230;)- ainsi qu&rsquo;en r\u00e9alisant quelques projets m\u00ealant les plaisirs de l&rsquo;oeil et de l&rsquo;oreille, aussi en 1995, le \u00ab\u00a0nabo des villes\u00a0\u00bb a ouvert &#8211; avec d&rsquo;autres amig@s- \u00ab\u00a0le kiosk\u00a0\u00bb \u00e0 Paris et a\u00a0particip\u00e9 \u00e0 divers projets musicaux (\u00ab\u00a0copyright\u00a0\u00bb, copywrong\u00a0\u00bb, \u00ab\u00a0audio superstar\u00a0\u00bb, \u00ab\u00a0dance kennedy&rsquo;s\u00a0\u00bb, \u00ab\u00a0unlogistic\u00a0\u00bb, mustafa moustache\u00a0\u00bb y derni\u00e8rement \u00ab\u00a0stanley kubi\u00a0\u00bb). Quoiqu&rsquo;il en soit, c&rsquo;est r\u00e9solument sous le signe de la !col\u00e8rr! que \u00ab\u00a0macario\u00a0\u00bb continue la (tur)lutte sociale et la gaie-rilla urbaine&#8230;<\/strong><\/p>\n\n\n\n<p class=\"has-medium-font-size\"><\/p>\n\n\n\n<p><\/p>\n","protected":false},"excerpt":{"rendered":"<p>En 2005 c\u2019est cr\u00e9\u00e9 l\u2019Ath\u00e9n\u00e9e Autonome de Contreculture et Etudes Acrates avec sa Biblioth\u00e8que Populaire Libertaire \u201cMauro Mejiaz\u201d \u00e0 Biscucuy, puis il d\u00e9m\u00e9nage dans le parc national Dinira de l&rsquo;\u00e9tat de Lara, ou l\u2019on n\u2019a pas pu construir l\u2019Ath\u00e9n\u00e9e parce que nous sommes dans un parc naturel et cela n\u2019ai&#8230; <a class=\"continue-reading-link\" href=\"https:\/\/lalibertaria.contrapoder.org\/fr\/espace-de-contreculture-et-autogestion\/\">Continue reading<\/a><\/p>\n","protected":false},"author":1,"featured_media":0,"parent":0,"menu_order":4,"comment_status":"closed","ping_status":"closed","template":"","meta":{"footnotes":""},"class_list":["post-631","page","type-page","status-publish","hentry"],"_links":{"self":[{"href":"https:\/\/lalibertaria.contrapoder.org\/fr\/wp-json\/wp\/v2\/pages\/631","targetHints":{"allow":["GET"]}}],"collection":[{"href":"https:\/\/lalibertaria.contrapoder.org\/fr\/wp-json\/wp\/v2\/pages"}],"about":[{"href":"https:\/\/lalibertaria.contrapoder.org\/fr\/wp-json\/wp\/v2\/types\/page"}],"author":[{"embeddable":true,"href":"https:\/\/lalibertaria.contrapoder.org\/fr\/wp-json\/wp\/v2\/users\/1"}],"replies":[{"embeddable":true,"href":"https:\/\/lalibertaria.contrapoder.org\/fr\/wp-json\/wp\/v2\/comments?post=631"}],"version-history":[{"count":29,"href":"https:\/\/lalibertaria.contrapoder.org\/fr\/wp-json\/wp\/v2\/pages\/631\/revisions"}],"predecessor-version":[{"id":1448,"href":"https:\/\/lalibertaria.contrapoder.org\/fr\/wp-json\/wp\/v2\/pages\/631\/revisions\/1448"}],"wp:attachment":[{"href":"https:\/\/lalibertaria.contrapoder.org\/fr\/wp-json\/wp\/v2\/media?parent=631"}],"curies":[{"name":"wp","href":"https:\/\/api.w.org\/{rel}","templated":true}]}}