{"id":660,"date":"2017-06-27T16:54:06","date_gmt":"2017-06-27T16:54:06","guid":{"rendered":"http:\/\/lalibertaria.contrapoder.org\/?page_id=660"},"modified":"2022-06-26T19:23:31","modified_gmt":"2022-06-26T19:23:31","slug":"autogestion","status":"publish","type":"page","link":"https:\/\/lalibertaria.contrapoder.org\/fr\/autogestion\/","title":{"rendered":"Autogestion"},"content":{"rendered":"\n<p><\/p>\n\n\n<h3 style=\"text-align: center;\"><a href=\"https:\/\/www.gofundme.com\/f\/fabriquer-un-hangar-agroculturel?utm_campaign=p_cp+share-sheet&#038;utm_medium=social&#038;utm_source=twitter\">Cagnotte<\/a><\/h3>\n<h3>\u00a0<\/h3>\n<h3><strong>Vous pouvez acheter un tshirt en soutien\u00a0 pour <a href=\"https:\/\/www.anartisanart.com\/echoppe\/indymedia-venezuela\/931-8874-indymedia-venezuela-t-shirt-homme-en-coton-bio.html#\/11-taille-s\">hommes<\/a> et pour <a href=\"https:\/\/www.anartisanart.com\/echoppe\/indymedia-venezuela\/932-7757-indymedia-venezuela-t-shirt-femme-en-coton-bio.html#\/22-taille-l\">femmes <\/a><\/strong><\/h3>\n<p><img loading=\"lazy\" decoding=\"async\" class=\"aligncenter size-medium wp-image-1219\" src=\"http:\/\/lalibertaria.contrapoder.org\/wp-content\/uploads\/2021\/05\/echoppe-logo-1560703938-300x87.png\" alt=\"\" width=\"300\" height=\"87\" srcset=\"https:\/\/lalibertaria.contrapoder.org\/wp-content\/uploads\/2021\/05\/echoppe-logo-1560703938-300x87.png 300w, https:\/\/lalibertaria.contrapoder.org\/wp-content\/uploads\/2021\/05\/echoppe-logo-1560703938-150x44.png 150w, https:\/\/lalibertaria.contrapoder.org\/wp-content\/uploads\/2021\/05\/echoppe-logo-1560703938.png 492w\" sizes=\"auto, (max-width: 300px) 100vw, 300px\" \/><\/p>\n<p>\u00a0<\/p>\n<p><img loading=\"lazy\" decoding=\"async\" class=\"aligncenter size-medium wp-image-1181\" src=\"http:\/\/lalibertaria.contrapoder.org\/wp-content\/uploads\/2021\/05\/indymedia-venezuela-t-shirt-homme-en-coton-bio-300x300.jpg\" alt=\"\" width=\"300\" height=\"300\" srcset=\"https:\/\/lalibertaria.contrapoder.org\/wp-content\/uploads\/2021\/05\/indymedia-venezuela-t-shirt-homme-en-coton-bio-300x300.jpg 300w, https:\/\/lalibertaria.contrapoder.org\/wp-content\/uploads\/2021\/05\/indymedia-venezuela-t-shirt-homme-en-coton-bio-150x150.jpg 150w, https:\/\/lalibertaria.contrapoder.org\/wp-content\/uploads\/2021\/05\/indymedia-venezuela-t-shirt-homme-en-coton-bio-768x768.jpg 768w, https:\/\/lalibertaria.contrapoder.org\/wp-content\/uploads\/2021\/05\/indymedia-venezuela-t-shirt-homme-en-coton-bio-350x350.jpg 350w, https:\/\/lalibertaria.contrapoder.org\/wp-content\/uploads\/2021\/05\/indymedia-venezuela-t-shirt-homme-en-coton-bio.jpg 800w\" sizes=\"auto, (max-width: 300px) 100vw, 300px\" \/><\/p>\n<p>\u00a0<\/p>\n<h3><strong>Nous avons un compte d&rsquo;\u00e9pargne en France , \u00e9crivez \u00e0\u00a0 lalibertaria@riseup.net pour vous donner les coordonn\u00e9es.<br \/><\/strong><\/h3>","protected":false},"excerpt":{"rendered":"<p>Cagnotte \u00a0 Vous pouvez acheter un tshirt en soutien\u00a0 pour hommes et pour femmes \u00a0 \u00a0 Nous avons un compte d&rsquo;\u00e9pargne en France , \u00e9crivez \u00e0\u00a0 lalibertaria@riseup.net pour vous donner les coordonn\u00e9es. <a class=\"continue-reading-link\" href=\"https:\/\/lalibertaria.contrapoder.org\/fr\/autogestion\/\">Continue reading<\/a><\/p>\n","protected":false},"author":1,"featured_media":0,"parent":0,"menu_order":0,"comment_status":"closed","ping_status":"closed","template":"","meta":{"footnotes":""},"class_list":["post-660","page","type-page","status-publish","hentry"],"_links":{"self":[{"href":"https:\/\/lalibertaria.contrapoder.org\/fr\/wp-json\/wp\/v2\/pages\/660","targetHints":{"allow":["GET"]}}],"collection":[{"href":"https:\/\/lalibertaria.contrapoder.org\/fr\/wp-json\/wp\/v2\/pages"}],"about":[{"href":"https:\/\/lalibertaria.contrapoder.org\/fr\/wp-json\/wp\/v2\/types\/page"}],"author":[{"embeddable":true,"href":"https:\/\/lalibertaria.contrapoder.org\/fr\/wp-json\/wp\/v2\/users\/1"}],"replies":[{"embeddable":true,"href":"https:\/\/lalibertaria.contrapoder.org\/fr\/wp-json\/wp\/v2\/comments?post=660"}],"version-history":[{"count":45,"href":"https:\/\/lalibertaria.contrapoder.org\/fr\/wp-json\/wp\/v2\/pages\/660\/revisions"}],"predecessor-version":[{"id":1419,"href":"https:\/\/lalibertaria.contrapoder.org\/fr\/wp-json\/wp\/v2\/pages\/660\/revisions\/1419"}],"wp:attachment":[{"href":"https:\/\/lalibertaria.contrapoder.org\/fr\/wp-json\/wp\/v2\/media?parent=660"}],"curies":[{"name":"wp","href":"https:\/\/api.w.org\/{rel}","templated":true}]}}